{"id":171,"date":"2016-02-10T09:46:42","date_gmt":"2016-02-10T09:46:42","guid":{"rendered":"http:\/\/www.demo.acmethemes.com\/corporate-plus\/?page_id=7"},"modified":"2021-05-31T11:37:52","modified_gmt":"2021-05-31T11:37:52","slug":"rosley-julia-ioan","status":"publish","type":"page","link":"https:\/\/www.rosley.es\/","title":{"rendered":"Inicio"},"content":{"rendered":"<p>Rosley &#8211; Julia Ioan<\/p>\n<p>Julia Ioan,\u00a0 abogado biling\u00fce rumano-espa\u00f1ol con estudios en Espa\u00f1a, miembro del Ilustre Colegio de Abogados de Madrid, ofrece consultor\u00eda, asistencia y representaci\u00f3n legal a ciudadanos rumanos en Espa\u00f1a en las siguientes \u00e1reas:<\/p>\n<p><br \/>\u27a1\ufe0f DERECHO CIVIL: Familia (divorcios, escisiones, custodia de los hijos, pensi\u00f3n alimenticia, custodia de los hijos), Discapacidades, Recuperaci\u00f3n de deudas, Responsabilidad civil, Desalojos forzosos, Compensaci\u00f3n de accidentes, Herencias, Contratos (alquiler, donaci\u00f3n, compraventa, agente comercial, franquicia, hombre de influencia).<br \/>\u27a1\ufe0f DERECHO PENAL: Procesos penales, antecedentes penales y cancelaci\u00f3n de antecedentes penales.<br \/>\u27a1\ufe0f DERECHO LABORAL: Derechos y reclamaciones salariales, Despidos, Indemnizaciones, Sanciones Disciplinarias, Acoso laboral, Conciliaci\u00f3n SMAC.<br \/>\u27a1\ufe0f EXPEDIENTES ADMINISTRATIVOS: ciudadan\u00eda espa\u00f1ola, expedientes de pensiones, expedientes matrimoniales, subvenciones y asistencia social, cesant\u00eda, homologaci\u00f3n y equivalencia de estudios, tr\u00e1fico, sanciones administrativas.<br \/>\u27a1\ufe0f ASISTENCIA A ENFOQUES CONSULARES<br \/>\u27a1\ufe0f ACUERDOS DE MEDIOS Y EXTRAJUDICIALES<br \/>\u27a1\ufe0fTraducciones \/ LEGALIZACIONES \/ APOSTIL<\/p>\n<p>\u00a0<\/p>\n<p><a href=\"http:\/\/www.rosley.es\">http:\/\/www.rosley.es<\/a><\/p>\n<p><a href=\"http:\/\/www.google.com\">http:\/\/www.google.com<\/a><\/p>\n<p>El Derecho Civil\u00a0es la rama del\u00a0Derecho privado\u00a0que regula las principales relaciones civiles de las personas. Tradicionalmente es la rama del derecho que regula el\u00a0estado civil\u00a0de las\u00a0personas, las relaciones familiares, la\u00a0propiedad y los dem\u00e1s\u00a0derechos reales, las\u00a0obligaciones\u00a0y\u00a0contratos, y las\u00a0sucesiones.<br \/><br \/>En este\u00a0\u00e1rea del derecho en el que la autonom\u00eda y la libertad de las partes es tan importante, le ofrecemos nuestro asesoramiento jur\u00eddico para llegar a los acuerdos que m\u00e1s se ajusten a los intereses de nuestros clientes, abarcando asimismo la fase de mediaci\u00f3n extrajudicial y la defensa judicial si fuera necesario.\u00a0<\/p>\n<p>El Derecho Laboral es la rama del Derecho que tiene por objeto la tutela \u00a0de las relaciones jur\u00eddicas entre empleadores y trabajadores, y de ambos con el Estado; esas relaciones tienen su origen en el trabajo prestado de forma personal, voluntaria, por cuenta ajena, retribuida y en dependencia con el empresario.<\/p>\n<p><br \/>\u260e\ufe0f 919 353 113 \/ 641 947 221<br \/>\u00abROSLEY, para cualquier tipo de problema legal\u00bb.<br \/>C \/ Zaragoza, 21, Torrej\u00f3n de Ardoz (28850- Madrid)<\/p>\n<p>\u00a0<\/p>\n<p>Rosley Julia Ioan Despacho de abogado<\/p>\n<p>Rosley Julia Ioan\u00a0 Despacho de abogado<\/p>\n\n\n<figure class=\"wp-block-image size-large\"><img fetchpriority=\"high\" decoding=\"async\" width=\"512\" height=\"480\" src=\"https:\/\/www.rosley.es\/wp-content\/uploads\/2021\/04\/logo-512x480.png\" alt=\"rosley\" class=\"wp-image-259\" title=\"Rosley - Julia Ioan\"\/><\/figure>\n\n\n\n<p><\/p>\n","protected":false},"excerpt":{"rendered":"<p>Rosley &#8211; Julia Ioan Julia Ioan,\u00a0 abogado biling\u00fce rumano-espa\u00f1ol con estudios en Espa\u00f1a, miembro del Ilustre Colegio de Abogados de Madrid, ofrece consultor\u00eda, asistencia y representaci\u00f3n legal a ciudadanos rumanos en Espa\u00f1a en las siguientes \u00e1reas: \u27a1\ufe0f DERECHO CIVIL: Familia (divorcios, escisiones, custodia de los hijos, pensi\u00f3n alimenticia, custodia de los hijos), Discapacidades, Recuperaci\u00f3n de deudas, Responsabilidad civil, Desalojos forzosos, Compensaci\u00f3n de accidentes, Herencias, Contratos (alquiler, donaci\u00f3n, compraventa, agente comercial,&hellip;<\/p>\n","protected":false},"author":1,"featured_media":0,"parent":0,"menu_order":0,"comment_status":"closed","ping_status":"closed","template":"","meta":{"footnotes":""},"class_list":["post-171","page","type-page","status-publish","hentry"],"yoast_head":"<!-- This site is optimized with the Yoast SEO plugin v27.5 - https:\/\/yoast.com\/product\/yoast-seo-wordpress\/ -->\n<title>ROSLEY - JULIA IOAN<\/title>\n<meta name=\"description\" content=\"Rosley\u00a0- Julia Ioan - Despacho de abogado que ofrece consultor\u00eda, asistencia y representaci\u00f3n legal a ciudadanos en Espa\u00f1a.\" \/>\n<meta name=\"robots\" content=\"index, follow, max-snippet:-1, max-image-preview:large, max-video-preview:-1\" \/>\n<link rel=\"canonical\" href=\"https:\/\/www.rosley.es\/\" \/>\n<meta property=\"og:locale\" content=\"es_ES\" \/>\n<meta property=\"og:type\" content=\"article\" \/>\n<meta property=\"og:title\" content=\"ROSLEY - JULIA IOAN\" \/>\n<meta property=\"og:description\" content=\"Rosley\u00a0- Julia Ioan - Despacho de abogado que ofrece consultor\u00eda, asistencia y representaci\u00f3n legal a ciudadanos en Espa\u00f1a.\" \/>\n<meta property=\"og:url\" content=\"https:\/\/www.rosley.es\/\" \/>\n<meta property=\"og:site_name\" content=\"ROSLEY\" \/>\n<meta property=\"article:modified_time\" content=\"2021-05-31T11:37:52+00:00\" \/>\n<meta property=\"og:image\" content=\"https:\/\/www.rosley.es\/wp-content\/uploads\/2021\/04\/logo-512x480.png\" \/>\n<meta name=\"twitter:card\" content=\"summary_large_image\" \/>\n<meta name=\"twitter:label1\" content=\"Tiempo de lectura\" \/>\n\t<meta name=\"twitter:data1\" content=\"2 minutos\" \/>\n<script type=\"application\/ld+json\" class=\"yoast-schema-graph\">{\"@context\":\"https:\\\/\\\/schema.org\",\"@graph\":[{\"@type\":\"WebPage\",\"@id\":\"https:\\\/\\\/www.rosley.es\\\/\",\"url\":\"https:\\\/\\\/www.rosley.es\\\/\",\"name\":\"ROSLEY - JULIA IOAN\",\"isPartOf\":{\"@id\":\"https:\\\/\\\/www.rosley.es\\\/#website\"},\"primaryImageOfPage\":{\"@id\":\"https:\\\/\\\/www.rosley.es\\\/#primaryimage\"},\"image\":{\"@id\":\"https:\\\/\\\/www.rosley.es\\\/#primaryimage\"},\"thumbnailUrl\":\"https:\\\/\\\/www.rosley.es\\\/wp-content\\\/uploads\\\/2021\\\/04\\\/logo-512x480.png\",\"datePublished\":\"2016-02-10T09:46:42+00:00\",\"dateModified\":\"2021-05-31T11:37:52+00:00\",\"description\":\"Rosley\u00a0- Julia Ioan - Despacho de abogado que ofrece consultor\u00eda, asistencia y representaci\u00f3n legal a ciudadanos en Espa\u00f1a.\",\"breadcrumb\":{\"@id\":\"https:\\\/\\\/www.rosley.es\\\/#breadcrumb\"},\"inLanguage\":\"es\",\"potentialAction\":[{\"@type\":\"ReadAction\",\"target\":[\"https:\\\/\\\/www.rosley.es\\\/\"]}]},{\"@type\":\"ImageObject\",\"inLanguage\":\"es\",\"@id\":\"https:\\\/\\\/www.rosley.es\\\/#primaryimage\",\"url\":\"https:\\\/\\\/www.rosley.es\\\/wp-content\\\/uploads\\\/2021\\\/04\\\/logo.png\",\"contentUrl\":\"https:\\\/\\\/www.rosley.es\\\/wp-content\\\/uploads\\\/2021\\\/04\\\/logo.png\",\"width\":512,\"height\":512,\"caption\":\"rosley\"},{\"@type\":\"BreadcrumbList\",\"@id\":\"https:\\\/\\\/www.rosley.es\\\/#breadcrumb\",\"itemListElement\":[{\"@type\":\"ListItem\",\"position\":1,\"name\":\"Portada\",\"item\":\"https:\\\/\\\/www.rosley.es\\\/\"},{\"@type\":\"ListItem\",\"position\":2,\"name\":\"Inicio\"}]},{\"@type\":\"WebSite\",\"@id\":\"https:\\\/\\\/www.rosley.es\\\/#website\",\"url\":\"https:\\\/\\\/www.rosley.es\\\/\",\"name\":\"ROSLEY\",\"description\":\"JULIA IOAN\",\"publisher\":{\"@id\":\"https:\\\/\\\/www.rosley.es\\\/#organization\"},\"potentialAction\":[{\"@type\":\"SearchAction\",\"target\":{\"@type\":\"EntryPoint\",\"urlTemplate\":\"https:\\\/\\\/www.rosley.es\\\/?s={search_term_string}\"},\"query-input\":{\"@type\":\"PropertyValueSpecification\",\"valueRequired\":true,\"valueName\":\"search_term_string\"}}],\"inLanguage\":\"es\"},{\"@type\":\"Organization\",\"@id\":\"https:\\\/\\\/www.rosley.es\\\/#organization\",\"name\":\"ROSLEY\",\"url\":\"https:\\\/\\\/www.rosley.es\\\/\",\"logo\":{\"@type\":\"ImageObject\",\"inLanguage\":\"es\",\"@id\":\"https:\\\/\\\/www.rosley.es\\\/#\\\/schema\\\/logo\\\/image\\\/\",\"url\":\"https:\\\/\\\/www.rosley.es\\\/wp-content\\\/uploads\\\/2021\\\/04\\\/cropped-Logo-azul.jpg\",\"contentUrl\":\"https:\\\/\\\/www.rosley.es\\\/wp-content\\\/uploads\\\/2021\\\/04\\\/cropped-Logo-azul.jpg\",\"width\":290,\"height\":79,\"caption\":\"ROSLEY\"},\"image\":{\"@id\":\"https:\\\/\\\/www.rosley.es\\\/#\\\/schema\\\/logo\\\/image\\\/\"}}]}<\/script>\n<!-- \/ Yoast SEO plugin. -->","yoast_head_json":{"title":"ROSLEY - JULIA IOAN","description":"Rosley\u00a0- Julia Ioan - Despacho de abogado que ofrece consultor\u00eda, asistencia y representaci\u00f3n legal a ciudadanos en Espa\u00f1a.","robots":{"index":"index","follow":"follow","max-snippet":"max-snippet:-1","max-image-preview":"max-image-preview:large","max-video-preview":"max-video-preview:-1"},"canonical":"https:\/\/www.rosley.es\/","og_locale":"es_ES","og_type":"article","og_title":"ROSLEY - JULIA IOAN","og_description":"Rosley\u00a0- Julia Ioan - Despacho de abogado que ofrece consultor\u00eda, asistencia y representaci\u00f3n legal a ciudadanos en Espa\u00f1a.","og_url":"https:\/\/www.rosley.es\/","og_site_name":"ROSLEY","article_modified_time":"2021-05-31T11:37:52+00:00","og_image":[{"url":"https:\/\/www.rosley.es\/wp-content\/uploads\/2021\/04\/logo-512x480.png","type":"","width":"","height":""}],"twitter_card":"summary_large_image","twitter_misc":{"Tiempo de lectura":"2 minutos"},"schema":{"@context":"https:\/\/schema.org","@graph":[{"@type":"WebPage","@id":"https:\/\/www.rosley.es\/","url":"https:\/\/www.rosley.es\/","name":"ROSLEY - JULIA IOAN","isPartOf":{"@id":"https:\/\/www.rosley.es\/#website"},"primaryImageOfPage":{"@id":"https:\/\/www.rosley.es\/#primaryimage"},"image":{"@id":"https:\/\/www.rosley.es\/#primaryimage"},"thumbnailUrl":"https:\/\/www.rosley.es\/wp-content\/uploads\/2021\/04\/logo-512x480.png","datePublished":"2016-02-10T09:46:42+00:00","dateModified":"2021-05-31T11:37:52+00:00","description":"Rosley\u00a0- Julia Ioan - Despacho de abogado que ofrece consultor\u00eda, asistencia y representaci\u00f3n legal a ciudadanos en Espa\u00f1a.","breadcrumb":{"@id":"https:\/\/www.rosley.es\/#breadcrumb"},"inLanguage":"es","potentialAction":[{"@type":"ReadAction","target":["https:\/\/www.rosley.es\/"]}]},{"@type":"ImageObject","inLanguage":"es","@id":"https:\/\/www.rosley.es\/#primaryimage","url":"https:\/\/www.rosley.es\/wp-content\/uploads\/2021\/04\/logo.png","contentUrl":"https:\/\/www.rosley.es\/wp-content\/uploads\/2021\/04\/logo.png","width":512,"height":512,"caption":"rosley"},{"@type":"BreadcrumbList","@id":"https:\/\/www.rosley.es\/#breadcrumb","itemListElement":[{"@type":"ListItem","position":1,"name":"Portada","item":"https:\/\/www.rosley.es\/"},{"@type":"ListItem","position":2,"name":"Inicio"}]},{"@type":"WebSite","@id":"https:\/\/www.rosley.es\/#website","url":"https:\/\/www.rosley.es\/","name":"ROSLEY","description":"JULIA IOAN","publisher":{"@id":"https:\/\/www.rosley.es\/#organization"},"potentialAction":[{"@type":"SearchAction","target":{"@type":"EntryPoint","urlTemplate":"https:\/\/www.rosley.es\/?s={search_term_string}"},"query-input":{"@type":"PropertyValueSpecification","valueRequired":true,"valueName":"search_term_string"}}],"inLanguage":"es"},{"@type":"Organization","@id":"https:\/\/www.rosley.es\/#organization","name":"ROSLEY","url":"https:\/\/www.rosley.es\/","logo":{"@type":"ImageObject","inLanguage":"es","@id":"https:\/\/www.rosley.es\/#\/schema\/logo\/image\/","url":"https:\/\/www.rosley.es\/wp-content\/uploads\/2021\/04\/cropped-Logo-azul.jpg","contentUrl":"https:\/\/www.rosley.es\/wp-content\/uploads\/2021\/04\/cropped-Logo-azul.jpg","width":290,"height":79,"caption":"ROSLEY"},"image":{"@id":"https:\/\/www.rosley.es\/#\/schema\/logo\/image\/"}}]}},"_links":{"self":[{"href":"https:\/\/www.rosley.es\/index.php?rest_route=\/wp\/v2\/pages\/171","targetHints":{"allow":["GET"]}}],"collection":[{"href":"https:\/\/www.rosley.es\/index.php?rest_route=\/wp\/v2\/pages"}],"about":[{"href":"https:\/\/www.rosley.es\/index.php?rest_route=\/wp\/v2\/types\/page"}],"author":[{"embeddable":true,"href":"https:\/\/www.rosley.es\/index.php?rest_route=\/wp\/v2\/users\/1"}],"replies":[{"embeddable":true,"href":"https:\/\/www.rosley.es\/index.php?rest_route=%2Fwp%2Fv2%2Fcomments&post=171"}],"version-history":[{"count":7,"href":"https:\/\/www.rosley.es\/index.php?rest_route=\/wp\/v2\/pages\/171\/revisions"}],"predecessor-version":[{"id":655,"href":"https:\/\/www.rosley.es\/index.php?rest_route=\/wp\/v2\/pages\/171\/revisions\/655"}],"wp:attachment":[{"href":"https:\/\/www.rosley.es\/index.php?rest_route=%2Fwp%2Fv2%2Fmedia&parent=171"}],"curies":[{"name":"wp","href":"https:\/\/api.w.org\/{rel}","templated":true}]}}